{"id":2,"date":"2024-01-24T16:58:09","date_gmt":"2024-01-24T19:58:09","guid":{"rendered":"https:\/\/repositorio.afrolab.info\/?page_id=2"},"modified":"2024-04-12T09:20:52","modified_gmt":"2024-04-12T12:20:52","slug":"pagina-exemplo","status":"publish","type":"page","link":"https:\/\/repositorio.afrolab.info\/","title":{"rendered":"Reposit\u00f3rio Afro Lab"},"content":{"rendered":"\n<p class=\"has-text-align-left\">O <strong><a href=\"https:\/\/repositorio.afrolab.info\/\">Reposit\u00f3rio Afro Lab<\/a><\/strong> \u00e9 um reposit\u00f3rio tem\u00e1tico digital destinado ao agrupamento de refer\u00eancias midi\u00e1ticas de exposi\u00e7\u00f5es museais e outras informa\u00e7\u00f5es sobre a hist\u00f3ria e \u00e0 cultura africana e afro-brasileira.<\/p>\n\n\n\n<p class=\"has-text-align-left\">Constru\u00eddo a partir do Tainacan (solu\u00e7\u00e3o tecnol\u00f3gica para a cria\u00e7\u00e3o de cole\u00e7\u00f5es digitais na Internet), o reposit\u00f3rio conta atualmente com a cole\u00e7\u00e3o <strong>Hist\u00f3ria e cultura afro-brasileira nos museus<\/strong> que re\u00fane exposi\u00e7\u00f5es museais que abordam a tem\u00e1tica da di\u00e1spora negra e da cultura africana e afro-brasileira, al\u00e9m das cole\u00e7\u00f5es <strong>Museus virtuais afro-brasileiros<\/strong> que re\u00fane museus virtuais brasileiros com a tem\u00e1tica da cultura africana e afro-brasileira e <strong>Podcasts: um novo olhar para a hist\u00f3ria e a cultura afro-brasileira\u00a0<\/strong>que re\u00fane podcasts com tem\u00e1ticas negras que apresentam um novo olhar para a hist\u00f3ria e a cultura afro-brasileira.<\/p>\n\n\n\n<div class=\"wp-block-media-text is-stacked-on-mobile\" style=\"grid-template-columns:15% auto\"><figure class=\"wp-block-media-text__media\"><a href=\"https:\/\/repositorio.afrolab.info\/index.php\/historia-e-cultura-afro-brasileira\/\"><img loading=\"lazy\" decoding=\"async\" width=\"220\" height=\"220\" src=\"https:\/\/repositorio.afrolab.info\/wp-content\/uploads\/2024\/03\/sakofa_icon_home.png\" alt=\"\" class=\"wp-image-1945 size-full\" srcset=\"https:\/\/repositorio.afrolab.info\/wp-content\/uploads\/2024\/03\/sakofa_icon_home.png 220w, https:\/\/repositorio.afrolab.info\/wp-content\/uploads\/2024\/03\/sakofa_icon_home-150x150.png 150w, https:\/\/repositorio.afrolab.info\/wp-content\/uploads\/2024\/03\/sakofa_icon_home-40x40.png 40w, https:\/\/repositorio.afrolab.info\/wp-content\/uploads\/2024\/03\/sakofa_icon_home-205x205.png 205w\" sizes=\"auto, (max-width: 220px) 100vw, 220px\" \/><\/a><\/figure><div class=\"wp-block-media-text__content\">\n<div class=\"wp-block-columns is-layout-flex wp-container-core-columns-is-layout-28f84493 wp-block-columns-is-layout-flex\">\n<div class=\"wp-block-column is-layout-flow wp-block-column-is-layout-flow\" style=\"flex-basis:100%\">\n<p class=\"has-text-align-left has-large-font-size\"><sub>Cole\u00e7\u00e3o &#8211;\u00a0<strong><a href=\"https:\/\/repositorio.afrolab.info\/index.php\/historia-e-cultura-afro-brasileira\/\" data-type=\"link\" data-id=\"https:\/\/repositorio.afrolab.info\/index.php\/historia-e-cultura-afro-brasileira\/\">Hist\u00f3ria e cultura afro-brasileira nos museus<\/a><\/strong><\/sub><\/p>\n<\/div>\n<\/div>\n<\/div><\/div>\n\n\n\n<div class=\"wp-block-media-text is-stacked-on-mobile\" style=\"grid-template-columns:15% auto\"><figure class=\"wp-block-media-text__media\"><a href=\"https:\/\/repositorio.afrolab.info\/index.php\/museus-virtuais\/\"><img loading=\"lazy\" decoding=\"async\" width=\"220\" height=\"220\" src=\"https:\/\/repositorio.afrolab.info\/wp-content\/uploads\/2024\/03\/Mate-Masie_icon_home.png\" alt=\"\" class=\"wp-image-1959 size-full\" srcset=\"https:\/\/repositorio.afrolab.info\/wp-content\/uploads\/2024\/03\/Mate-Masie_icon_home.png 220w, https:\/\/repositorio.afrolab.info\/wp-content\/uploads\/2024\/03\/Mate-Masie_icon_home-150x150.png 150w, https:\/\/repositorio.afrolab.info\/wp-content\/uploads\/2024\/03\/Mate-Masie_icon_home-40x40.png 40w, https:\/\/repositorio.afrolab.info\/wp-content\/uploads\/2024\/03\/Mate-Masie_icon_home-205x205.png 205w\" sizes=\"auto, (max-width: 220px) 100vw, 220px\" \/><\/a><\/figure><div class=\"wp-block-media-text__content\">\n<div class=\"wp-block-columns is-layout-flex wp-container-core-columns-is-layout-28f84493 wp-block-columns-is-layout-flex\">\n<div class=\"wp-block-column is-layout-flow wp-block-column-is-layout-flow\" style=\"flex-basis:100%\">\n<p class=\"has-text-align-left has-large-font-size\"><sub>Cole\u00e7\u00e3o &#8211; <strong><strong><a href=\"https:\/\/repositorio.afrolab.info\/index.php\/museus-virtuais\/\" data-type=\"link\" data-id=\"https:\/\/repositorio.afrolab.info\/index.php\/museus-virtuais\/\">Museus virtuais afro-brasileiros<\/a><\/strong><\/strong><\/sub><\/p>\n<\/div>\n<\/div>\n<\/div><\/div>\n\n\n\n<div class=\"wp-block-media-text is-stacked-on-mobile\" style=\"grid-template-columns:15% auto\"><figure class=\"wp-block-media-text__media\"><a href=\"https:\/\/repositorio.afrolab.info\/index.php\/podcasts\"><img loading=\"lazy\" decoding=\"async\" width=\"220\" height=\"220\" src=\"https:\/\/repositorio.afrolab.info\/wp-content\/uploads\/2024\/03\/ananse-ntontan_icon_home.jpg\" alt=\"\" class=\"wp-image-1948 size-full\" srcset=\"https:\/\/repositorio.afrolab.info\/wp-content\/uploads\/2024\/03\/ananse-ntontan_icon_home.jpg 220w, https:\/\/repositorio.afrolab.info\/wp-content\/uploads\/2024\/03\/ananse-ntontan_icon_home-150x150.jpg 150w, https:\/\/repositorio.afrolab.info\/wp-content\/uploads\/2024\/03\/ananse-ntontan_icon_home-40x40.jpg 40w, https:\/\/repositorio.afrolab.info\/wp-content\/uploads\/2024\/03\/ananse-ntontan_icon_home-205x205.jpg 205w\" sizes=\"auto, (max-width: 220px) 100vw, 220px\" \/><\/a><\/figure><div class=\"wp-block-media-text__content\">\n<div class=\"wp-block-columns is-layout-flex wp-container-core-columns-is-layout-28f84493 wp-block-columns-is-layout-flex\">\n<div class=\"wp-block-column is-layout-flow wp-block-column-is-layout-flow\" style=\"flex-basis:100%\">\n<p class=\"has-text-align-left has-large-font-size\"><sub>Cole\u00e7\u00e3o &#8211; <strong><strong><strong><a href=\"https:\/\/repositorio.afrolab.info\/index.php\/podcasts\" data-type=\"link\" data-id=\"https:\/\/repositorio.afrolab.info\/index.php\/podcasts\">Podcasts: um novo olhar para a hist\u00f3ria e a cultura afro-brasileira<\/a><\/strong><\/strong><\/strong><\/sub><\/p>\n<\/div>\n<\/div>\n<\/div><\/div>\n","protected":false},"excerpt":{"rendered":"<p>O Reposit\u00f3rio Afro Lab \u00e9 um reposit\u00f3rio tem\u00e1tico digital destinado ao agrupamento de refer\u00eancias midi\u00e1ticas de exposi\u00e7\u00f5es museais e outras informa\u00e7\u00f5es sobre a hist\u00f3ria e \u00e0 cultura africana e afro-brasileira. Constru\u00eddo a partir do Tainacan (solu\u00e7\u00e3o tecnol\u00f3gica para a cria\u00e7\u00e3o de cole\u00e7\u00f5es digitais na Internet), o reposit\u00f3rio conta atualmente com a cole\u00e7\u00e3o Hist\u00f3ria e cultura [&hellip;]<\/p>\n","protected":false},"author":1,"featured_media":0,"parent":0,"menu_order":0,"comment_status":"closed","ping_status":"open","template":"","meta":{"footnotes":""},"class_list":["post-2","page","type-page","status-publish","hentry"],"_links":{"self":[{"href":"https:\/\/repositorio.afrolab.info\/index.php\/wp-json\/wp\/v2\/pages\/2","targetHints":{"allow":["GET"]}}],"collection":[{"href":"https:\/\/repositorio.afrolab.info\/index.php\/wp-json\/wp\/v2\/pages"}],"about":[{"href":"https:\/\/repositorio.afrolab.info\/index.php\/wp-json\/wp\/v2\/types\/page"}],"author":[{"embeddable":true,"href":"https:\/\/repositorio.afrolab.info\/index.php\/wp-json\/wp\/v2\/users\/1"}],"replies":[{"embeddable":true,"href":"https:\/\/repositorio.afrolab.info\/index.php\/wp-json\/wp\/v2\/comments?post=2"}],"version-history":[{"count":70,"href":"https:\/\/repositorio.afrolab.info\/index.php\/wp-json\/wp\/v2\/pages\/2\/revisions"}],"predecessor-version":[{"id":2135,"href":"https:\/\/repositorio.afrolab.info\/index.php\/wp-json\/wp\/v2\/pages\/2\/revisions\/2135"}],"wp:attachment":[{"href":"https:\/\/repositorio.afrolab.info\/index.php\/wp-json\/wp\/v2\/media?parent=2"}],"curies":[{"name":"wp","href":"https:\/\/api.w.org\/{rel}","templated":true}]}}